{"id":2334,"date":"2026-04-15T13:28:26","date_gmt":"2026-04-15T13:28:26","guid":{"rendered":"https:\/\/rocamarbre.com\/?page_id=2334"},"modified":"2026-04-15T14:19:13","modified_gmt":"2026-04-15T14:19:13","slug":"piscine-spa","status":"publish","type":"page","link":"https:\/\/rocamarbre.com\/index.php\/piscine-spa\/","title":{"rendered":"Piscine &amp; Spa"},"content":{"rendered":"\t\t<div data-elementor-type=\"wp-page\" data-elementor-id=\"2334\" class=\"elementor elementor-2334\" data-elementor-post-type=\"page\">\n\t\t\t\t\t\t<section class=\"elementor-section elementor-top-section elementor-element elementor-element-4ec032b3 elementor-section-full_width elementor-section-height-min-height elementor-section-items-stretch elementor-section-content-bottom elementor-section-height-default\" data-id=\"4ec032b3\" data-element_type=\"section\" data-e-type=\"section\">\n\t\t\t\t\t\t<div class=\"elementor-container elementor-column-gap-no\">\n\t\t\t\t\t<div class=\"elementor-column elementor-col-50 elementor-top-column elementor-element elementor-element-1093ce22\" data-id=\"1093ce22\" data-element_type=\"column\" data-e-type=\"column\" data-settings=\"{&quot;background_background&quot;:&quot;classic&quot;}\">\n\t\t\t<div class=\"elementor-widget-wrap elementor-element-populated\">\n\t\t\t\t\t\t<div class=\"elementor-element elementor-element-7a531d33 elementor-widget-mobile__width-initial elementor-widget-tablet__width-initial elementor-widget elementor-widget-heading\" data-id=\"7a531d33\" data-element_type=\"widget\" data-e-type=\"widget\" data-widget_type=\"heading.default\">\n\t\t\t\t<div class=\"elementor-widget-container\">\n\t\t\t\t\t<h1 class=\"elementor-heading-title elementor-size-default\">Piscine &amp; Spa<\/h1>\t\t\t\t<\/div>\n\t\t\t\t<\/div>\n\t\t\t\t<div class=\"elementor-element elementor-element-7987f6bb elementor-widget__width-initial elementor-widget-mobile__width-initial elementor-widget elementor-widget-text-editor\" data-id=\"7987f6bb\" data-element_type=\"widget\" data-e-type=\"widget\" data-widget_type=\"text-editor.default\">\n\t\t\t\t<div class=\"elementor-widget-container\">\n\t\t\t\t\t\t\t\t\t<p>Un espace d\u00e9tente habill\u00e9 avec soin, du sol au bassin<\/p>\t\t\t\t\t\t\t\t<\/div>\n\t\t\t\t<\/div>\n\t\t\t\t<div class=\"elementor-element elementor-element-3eabd691 elementor-widget__width-initial elementor-widget-mobile__width-initial elementor-widget elementor-widget-text-editor\" data-id=\"3eabd691\" data-element_type=\"widget\" data-e-type=\"widget\" data-widget_type=\"text-editor.default\">\n\t\t\t\t<div class=\"elementor-widget-container\">\n\t\t\t\t\t\t\t\t\t<p class=\"font-claude-response-body break-words whitespace-normal leading-[1.7]\"><strong>Chez <\/strong><b>RocaMarbre<\/b>, nous r\u00e9alisons des espaces piscine et spa sur mesure en <b>c\u00e9ramiqu<\/b><strong>e.<\/strong><\/p><p class=\"font-claude-response-body break-words whitespace-normal leading-[1.7]\">De la s\u00e9lection des mat\u00e9riaux \u00e0 la pose, nous vous accompagnons \u00e0 chaque \u00e9tape : <b>margelles, plages de piscine, habillages de bassin, banquettes ou espaces d\u00e9tente.<\/b><\/p><p class=\"font-claude-response-body break-words whitespace-normal leading-[1.7]\">Chaque projet est pens\u00e9 dans le <b>d\u00e9tail<\/b> pour allier <b>esth\u00e9tique, durabilit\u00e9<\/b> et<b> r\u00e9sistance<\/b> aux environnements humides et ext\u00e9rieurs<\/p><p>\u00a0<\/p>\t\t\t\t\t\t\t\t<\/div>\n\t\t\t\t<\/div>\n\t\t\t\t\t<\/div>\n\t\t<\/div>\n\t\t\t\t<div class=\"elementor-column elementor-col-25 elementor-top-column elementor-element elementor-element-f30553a\" data-id=\"f30553a\" data-element_type=\"column\" data-e-type=\"column\">\n\t\t\t<div class=\"elementor-widget-wrap elementor-element-populated\">\n\t\t\t\t\t\t<div class=\"elementor-element elementor-element-5d40c1b9 elementor-widget__width-initial elementor-widget elementor-widget-image\" data-id=\"5d40c1b9\" data-element_type=\"widget\" data-e-type=\"widget\" data-widget_type=\"image.default\">\n\t\t\t\t<div class=\"elementor-widget-container\">\n\t\t\t\t\t\t\t\t\t\t\t\t\t\t\t<img fetchpriority=\"high\" decoding=\"async\" width=\"1440\" height=\"1920\" src=\"https:\/\/i0.wp.com\/rocamarbre.com\/wp-content\/uploads\/2026\/04\/IMG_8642-scaled.webp?fit=1440%2C1920&amp;ssl=1\" class=\"attachment-full size-full wp-image-2135\" alt=\"piscine int\u00e9rieure carrel\u00e9e\" srcset=\"https:\/\/i0.wp.com\/rocamarbre.com\/wp-content\/uploads\/2026\/04\/IMG_8642-scaled.webp?w=1440&amp;ssl=1 1440w, https:\/\/i0.wp.com\/rocamarbre.com\/wp-content\/uploads\/2026\/04\/IMG_8642-scaled.webp?resize=225%2C300&amp;ssl=1 225w, https:\/\/i0.wp.com\/rocamarbre.com\/wp-content\/uploads\/2026\/04\/IMG_8642-scaled.webp?resize=768%2C1024&amp;ssl=1 768w, https:\/\/i0.wp.com\/rocamarbre.com\/wp-content\/uploads\/2026\/04\/IMG_8642-scaled.webp?resize=1152%2C1536&amp;ssl=1 1152w\" sizes=\"(max-width: 800px) 100vw, 800px\" \/>\t\t\t\t\t\t\t\t\t\t\t\t\t\t\t<\/div>\n\t\t\t\t<\/div>\n\t\t\t\t\t<\/div>\n\t\t<\/div>\n\t\t\t\t<div class=\"elementor-column elementor-col-25 elementor-top-column elementor-element elementor-element-704f00b6\" data-id=\"704f00b6\" data-element_type=\"column\" data-e-type=\"column\">\n\t\t\t<div class=\"elementor-widget-wrap elementor-element-populated\">\n\t\t\t\t\t\t<div class=\"elementor-element elementor-element-16eac87d e-transform e-transform elementor-hidden-tablet elementor-hidden-mobile elementor-widget-divider--view-line elementor-widget elementor-widget-divider\" data-id=\"16eac87d\" data-element_type=\"widget\" data-e-type=\"widget\" data-settings=\"{&quot;_transform_rotateZ_effect&quot;:{&quot;unit&quot;:&quot;px&quot;,&quot;size&quot;:90,&quot;sizes&quot;:[]},&quot;_transform_scale_effect&quot;:{&quot;unit&quot;:&quot;px&quot;,&quot;size&quot;:2,&quot;sizes&quot;:[]},&quot;_transform_rotateZ_effect_tablet&quot;:{&quot;unit&quot;:&quot;deg&quot;,&quot;size&quot;:&quot;&quot;,&quot;sizes&quot;:[]},&quot;_transform_rotateZ_effect_mobile&quot;:{&quot;unit&quot;:&quot;deg&quot;,&quot;size&quot;:&quot;&quot;,&quot;sizes&quot;:[]},&quot;_transform_scale_effect_tablet&quot;:{&quot;unit&quot;:&quot;px&quot;,&quot;size&quot;:&quot;&quot;,&quot;sizes&quot;:[]},&quot;_transform_scale_effect_mobile&quot;:{&quot;unit&quot;:&quot;px&quot;,&quot;size&quot;:&quot;&quot;,&quot;sizes&quot;:[]}}\" data-widget_type=\"divider.default\">\n\t\t\t\t<div class=\"elementor-widget-container\">\n\t\t\t\t\t\t\t<div class=\"elementor-divider\">\n\t\t\t<span class=\"elementor-divider-separator\">\n\t\t\t\t\t\t<\/span>\n\t\t<\/div>\n\t\t\t\t\t\t<\/div>\n\t\t\t\t<\/div>\n\t\t\t\t\t<\/div>\n\t\t<\/div>\n\t\t\t\t\t<\/div>\n\t\t<\/section>\n\t\t\t\t<section class=\"elementor-section elementor-top-section elementor-element elementor-element-5bdef493 elementor-section-full_width elementor-section-height-default elementor-section-height-default\" data-id=\"5bdef493\" data-element_type=\"section\" data-e-type=\"section\" data-settings=\"{&quot;background_background&quot;:&quot;classic&quot;}\">\n\t\t\t\t\t\t<div class=\"elementor-container elementor-column-gap-no\">\n\t\t\t\t\t<div class=\"elementor-column elementor-col-100 elementor-top-column elementor-element elementor-element-5f339e90\" data-id=\"5f339e90\" data-element_type=\"column\" data-e-type=\"column\">\n\t\t\t<div class=\"elementor-widget-wrap elementor-element-populated\">\n\t\t\t\t\t\t<div class=\"elementor-element elementor-element-4088082a elementor-widget__width-initial elementor-widget elementor-widget-text-editor\" data-id=\"4088082a\" data-element_type=\"widget\" data-e-type=\"widget\" data-widget_type=\"text-editor.default\">\n\t\t\t\t<div class=\"elementor-widget-container\">\n\t\t\t\t\t\t\t\t\t<p class=\"font-claude-response-body break-words whitespace-normal leading-[1.7]\">Pour vos espaces piscine &amp; spa, nos \u00e9quipes r\u00e9alisent :<\/p><ul class=\"[li_&amp;]:mb-0 [li_&amp;]:mt-1 [li_&amp;]:gap-1 [&amp;:not(:last-child)_ul]:pb-1 [&amp;:not(:last-child)_ol]:pb-1 list-disc flex flex-col gap-1 pl-8 mb-3\"><li class=\"whitespace-normal break-words pl-2\"><b>habillage de bassin<\/b><\/li><li class=\"whitespace-normal break-words pl-2\"><b>plages &amp; margelles<\/b><\/li><li class=\"whitespace-normal break-words pl-2\"><b>banquettes &amp; assises int\u00e9gr\u00e9es<\/b><\/li><li class=\"whitespace-normal break-words pl-2\"><b>dallage ext\u00e9rieur &amp; cheminements<\/b><\/li><li class=\"whitespace-normal break-words pl-2\"><b>niches &amp; \u00e9l\u00e9ments d\u00e9coratifs<\/b><\/li><\/ul><div>\u00a0<\/div><p class=\"font-claude-response-body break-words whitespace-normal leading-[1.7]\">Chaque projet est travaill\u00e9 <b>sur mesure<\/b>, en <b>c\u00e9ramique<\/b>, <b>gr\u00e8s c\u00e9rame<\/b> ou <b>mosa\u00efque<\/b> ; selon le besoin, l&rsquo;usage et le choix effectu\u00e9.<\/p><p class=\"font-claude-response-body break-words whitespace-normal leading-[1.7]\">Nos <b>carreleurs<\/b> travaillent dans le respect de la mati\u00e8re, avec une attention particuli\u00e8re port\u00e9e aux <b>d\u00e9tails<\/b>, aux <b>finitions<\/b> et \u00e0 la <b>r\u00e9sistance<\/b><strong> dans le temps<\/strong>.<\/p><p class=\"font-claude-response-body break-words whitespace-normal leading-[1.7]\">\u00a0<\/p>\t\t\t\t\t\t\t\t<\/div>\n\t\t\t\t<\/div>\n\t\t\t\t<div class=\"elementor-element elementor-element-15f0f341 elementor-widget elementor-widget-gallery\" data-id=\"15f0f341\" data-element_type=\"widget\" data-e-type=\"widget\" data-settings=\"{&quot;columns&quot;:3,&quot;gap&quot;:{&quot;unit&quot;:&quot;px&quot;,&quot;size&quot;:&quot;40&quot;,&quot;sizes&quot;:[]},&quot;aspect_ratio&quot;:&quot;1:1&quot;,&quot;link_to&quot;:&quot;custom&quot;,&quot;lazyload&quot;:&quot;yes&quot;,&quot;gallery_layout&quot;:&quot;grid&quot;,&quot;columns_tablet&quot;:2,&quot;columns_mobile&quot;:1,&quot;gap_tablet&quot;:{&quot;unit&quot;:&quot;px&quot;,&quot;size&quot;:10,&quot;sizes&quot;:[]},&quot;gap_mobile&quot;:{&quot;unit&quot;:&quot;px&quot;,&quot;size&quot;:10,&quot;sizes&quot;:[]},&quot;url&quot;:{&quot;url&quot;:&quot;&quot;,&quot;is_external&quot;:&quot;&quot;,&quot;nofollow&quot;:&quot;&quot;,&quot;custom_attributes&quot;:&quot;&quot;},&quot;overlay_background&quot;:&quot;yes&quot;,&quot;content_hover_animation&quot;:&quot;fade-in&quot;}\" data-widget_type=\"gallery.default\">\n\t\t\t\t<div class=\"elementor-widget-container\">\n\t\t\t\t\t\t\t<div class=\"elementor-gallery__container\">\n\t\t\t\t\t\t\t<a class=\"e-gallery-item elementor-gallery-item elementor-animated-content\">\n\t\t\t\t\t<div class=\"e-gallery-image elementor-gallery-item__image\" data-thumbnail=\"https:\/\/i0.wp.com\/rocamarbre.com\/wp-content\/uploads\/2026\/04\/IMG_8626-scaled-e1776254708800.webp?fit=1440%2C1510&amp;ssl=1\" data-width=\"1440\" data-height=\"1510\" aria-label=\"\" role=\"img\" ><\/div>\n\t\t\t\t\t\t\t\t\t\t\t<div class=\"elementor-gallery-item__overlay\"><\/div>\n\t\t\t\t\t\t\t\t\t\t\t\t\t\t<\/a>\n\t\t\t\t\t\t\t<a class=\"e-gallery-item elementor-gallery-item elementor-animated-content\">\n\t\t\t\t\t<div class=\"e-gallery-image elementor-gallery-item__image\" data-thumbnail=\"https:\/\/i0.wp.com\/rocamarbre.com\/wp-content\/uploads\/2026\/04\/IMG_8642-scaled.webp?fit=1440%2C1920&amp;ssl=1\" data-width=\"1440\" data-height=\"1920\" aria-label=\"piscine int\u00e9rieure carrel\u00e9e\" role=\"img\" ><\/div>\n\t\t\t\t\t\t\t\t\t\t\t<div class=\"elementor-gallery-item__overlay\"><\/div>\n\t\t\t\t\t\t\t\t\t\t\t\t\t\t<\/a>\n\t\t\t\t\t\t\t<a class=\"e-gallery-item elementor-gallery-item elementor-animated-content\">\n\t\t\t\t\t<div class=\"e-gallery-image elementor-gallery-item__image\" data-thumbnail=\"https:\/\/i0.wp.com\/rocamarbre.com\/wp-content\/uploads\/2026\/04\/IMG_8654-scaled.webp?fit=1920%2C1440&amp;ssl=1\" data-width=\"1920\" data-height=\"1440\" aria-label=\"\" role=\"img\" ><\/div>\n\t\t\t\t\t\t\t\t\t\t\t<div class=\"elementor-gallery-item__overlay\"><\/div>\n\t\t\t\t\t\t\t\t\t\t\t\t\t\t<\/a>\n\t\t\t\t\t\t\t<a class=\"e-gallery-item elementor-gallery-item elementor-animated-content\">\n\t\t\t\t\t<div class=\"e-gallery-image elementor-gallery-item__image\" data-thumbnail=\"https:\/\/i0.wp.com\/rocamarbre.com\/wp-content\/uploads\/2026\/04\/IMG_0504-scaled.jpg?fit=2560%2C1920&amp;ssl=1\" data-width=\"2560\" data-height=\"1920\" aria-label=\"\" role=\"img\" ><\/div>\n\t\t\t\t\t\t\t\t\t\t\t<div class=\"elementor-gallery-item__overlay\"><\/div>\n\t\t\t\t\t\t\t\t\t\t\t\t\t\t<\/a>\n\t\t\t\t\t\t\t<a class=\"e-gallery-item elementor-gallery-item elementor-animated-content\">\n\t\t\t\t\t<div class=\"e-gallery-image elementor-gallery-item__image\" data-thumbnail=\"https:\/\/i0.wp.com\/rocamarbre.com\/wp-content\/uploads\/2026\/04\/IMG_0503-scaled.jpg?fit=1920%2C2560&amp;ssl=1\" data-width=\"1920\" data-height=\"2560\" aria-label=\"\" role=\"img\" ><\/div>\n\t\t\t\t\t\t\t\t\t\t\t<div class=\"elementor-gallery-item__overlay\"><\/div>\n\t\t\t\t\t\t\t\t\t\t\t\t\t\t<\/a>\n\t\t\t\t\t\t\t<a class=\"e-gallery-item elementor-gallery-item elementor-animated-content\">\n\t\t\t\t\t<div class=\"e-gallery-image elementor-gallery-item__image\" data-thumbnail=\"https:\/\/i0.wp.com\/rocamarbre.com\/wp-content\/uploads\/2026\/04\/IMG_0502-scaled.jpg?fit=2560%2C1920&amp;ssl=1\" data-width=\"2560\" data-height=\"1920\" aria-label=\"\" role=\"img\" ><\/div>\n\t\t\t\t\t\t\t\t\t\t\t<div class=\"elementor-gallery-item__overlay\"><\/div>\n\t\t\t\t\t\t\t\t\t\t\t\t\t\t<\/a>\n\t\t\t\t\t\t\t<a class=\"e-gallery-item elementor-gallery-item elementor-animated-content\">\n\t\t\t\t\t<div class=\"e-gallery-image elementor-gallery-item__image\" data-thumbnail=\"https:\/\/i0.wp.com\/rocamarbre.com\/wp-content\/uploads\/2026\/04\/IMG_3636-scaled.jpg?fit=2560%2C1440&amp;ssl=1\" data-width=\"2560\" data-height=\"1440\" aria-label=\"\" role=\"img\" ><\/div>\n\t\t\t\t\t\t\t\t\t\t\t<div class=\"elementor-gallery-item__overlay\"><\/div>\n\t\t\t\t\t\t\t\t\t\t\t\t\t\t<\/a>\n\t\t\t\t\t\t\t<a class=\"e-gallery-item elementor-gallery-item elementor-animated-content\">\n\t\t\t\t\t<div class=\"e-gallery-image elementor-gallery-item__image\" data-thumbnail=\"https:\/\/i0.wp.com\/rocamarbre.com\/wp-content\/uploads\/2026\/04\/IMG_3637-scaled.jpg?fit=2560%2C1440&amp;ssl=1\" data-width=\"2560\" data-height=\"1440\" aria-label=\"\" role=\"img\" ><\/div>\n\t\t\t\t\t\t\t\t\t\t\t<div class=\"elementor-gallery-item__overlay\"><\/div>\n\t\t\t\t\t\t\t\t\t\t\t\t\t\t<\/a>\n\t\t\t\t\t<\/div>\n\t\t\t\t\t<\/div>\n\t\t\t\t<\/div>\n\t\t\t\t\t<\/div>\n\t\t<\/div>\n\t\t\t\t\t<\/div>\n\t\t<\/section>\n\t\t\t\t<\/div>\n\t\t","protected":false},"excerpt":{"rendered":"<p>Piscine &amp; Spa Un espace d\u00e9tente habill\u00e9 avec soin, du sol au bassin Chez RocaMarbre, nous r\u00e9alisons des espaces piscine et spa sur mesure en c\u00e9ramique. De la s\u00e9lection des mat\u00e9riaux \u00e0 la pose, nous vous accompagnons \u00e0 chaque \u00e9tape : margelles, plages de piscine, habillages de bassin, banquettes ou espaces d\u00e9tente. Chaque projet est [&hellip;]<\/p>\n","protected":false},"author":1,"featured_media":2135,"parent":0,"menu_order":0,"comment_status":"closed","ping_status":"closed","template":"","meta":{"footnotes":""},"class_list":["post-2334","page","type-page","status-publish","has-post-thumbnail","hentry"],"yoast_head":"<!-- This site is optimized with the Yoast SEO plugin v22.4 - https:\/\/yoast.com\/wordpress\/plugins\/seo\/ -->\n<title>Piscine &amp; Spa - RocaMarbre<\/title>\n<meta name=\"description\" content=\"Piscines et spas habill\u00e9s sur mesure en c\u00e9ramique haut de gamme. RocaMarbre vous accompagne de la s\u00e9lection des mat\u00e9riaux \u00e0 la pose finale.\" \/>\n<meta name=\"robots\" content=\"index, follow, max-snippet:-1, max-image-preview:large, max-video-preview:-1\" \/>\n<link rel=\"canonical\" href=\"https:\/\/rocamarbre.com\/index.php\/piscine-spa\/\" \/>\n<meta property=\"og:locale\" content=\"fr_FR\" \/>\n<meta property=\"og:type\" content=\"article\" \/>\n<meta property=\"og:title\" content=\"Piscine &amp; Spa - RocaMarbre\" \/>\n<meta property=\"og:description\" content=\"Piscines et spas habill\u00e9s sur mesure en c\u00e9ramique haut de gamme. RocaMarbre vous accompagne de la s\u00e9lection des mat\u00e9riaux \u00e0 la pose finale.\" \/>\n<meta property=\"og:url\" content=\"https:\/\/rocamarbre.com\/index.php\/piscine-spa\/\" \/>\n<meta property=\"og:site_name\" content=\"RocaMarbre\" \/>\n<meta property=\"article:modified_time\" content=\"2026-04-15T14:19:13+00:00\" \/>\n<meta property=\"og:image\" content=\"https:\/\/rocamarbre.com\/wp-content\/uploads\/2026\/04\/IMG_8642-scaled.webp\" \/>\n\t<meta property=\"og:image:width\" content=\"1440\" \/>\n\t<meta property=\"og:image:height\" content=\"1920\" \/>\n\t<meta property=\"og:image:type\" content=\"image\/webp\" \/>\n<meta name=\"twitter:card\" content=\"summary_large_image\" \/>\n<meta name=\"twitter:label1\" content=\"Dur\u00e9e de lecture estim\u00e9e\" \/>\n\t<meta name=\"twitter:data1\" content=\"1 minute\" \/>\n<script type=\"application\/ld+json\" class=\"yoast-schema-graph\">{\"@context\":\"https:\/\/schema.org\",\"@graph\":[{\"@type\":\"WebPage\",\"@id\":\"https:\/\/rocamarbre.com\/index.php\/piscine-spa\/\",\"url\":\"https:\/\/rocamarbre.com\/index.php\/piscine-spa\/\",\"name\":\"Piscine &amp; Spa - RocaMarbre\",\"isPartOf\":{\"@id\":\"https:\/\/rocamarbre.com\/#website\"},\"primaryImageOfPage\":{\"@id\":\"https:\/\/rocamarbre.com\/index.php\/piscine-spa\/#primaryimage\"},\"image\":{\"@id\":\"https:\/\/rocamarbre.com\/index.php\/piscine-spa\/#primaryimage\"},\"thumbnailUrl\":\"https:\/\/i0.wp.com\/rocamarbre.com\/wp-content\/uploads\/2026\/04\/IMG_8642-scaled.webp?fit=1440%2C1920&ssl=1\",\"datePublished\":\"2026-04-15T13:28:26+00:00\",\"dateModified\":\"2026-04-15T14:19:13+00:00\",\"description\":\"Piscines et spas habill\u00e9s sur mesure en c\u00e9ramique haut de gamme. RocaMarbre vous accompagne de la s\u00e9lection des mat\u00e9riaux \u00e0 la pose finale.\",\"breadcrumb\":{\"@id\":\"https:\/\/rocamarbre.com\/index.php\/piscine-spa\/#breadcrumb\"},\"inLanguage\":\"fr-FR\",\"potentialAction\":[{\"@type\":\"ReadAction\",\"target\":[\"https:\/\/rocamarbre.com\/index.php\/piscine-spa\/\"]}]},{\"@type\":\"ImageObject\",\"inLanguage\":\"fr-FR\",\"@id\":\"https:\/\/rocamarbre.com\/index.php\/piscine-spa\/#primaryimage\",\"url\":\"https:\/\/i0.wp.com\/rocamarbre.com\/wp-content\/uploads\/2026\/04\/IMG_8642-scaled.webp?fit=1440%2C1920&ssl=1\",\"contentUrl\":\"https:\/\/i0.wp.com\/rocamarbre.com\/wp-content\/uploads\/2026\/04\/IMG_8642-scaled.webp?fit=1440%2C1920&ssl=1\",\"width\":1440,\"height\":1920,\"caption\":\"piscine int\u00e9rieure carrel\u00e9e\"},{\"@type\":\"BreadcrumbList\",\"@id\":\"https:\/\/rocamarbre.com\/index.php\/piscine-spa\/#breadcrumb\",\"itemListElement\":[{\"@type\":\"ListItem\",\"position\":1,\"name\":\"Accueil\",\"item\":\"https:\/\/rocamarbre.com\/\"},{\"@type\":\"ListItem\",\"position\":2,\"name\":\"Piscine &amp; Spa\"}]},{\"@type\":\"WebSite\",\"@id\":\"https:\/\/rocamarbre.com\/#website\",\"url\":\"https:\/\/rocamarbre.com\/\",\"name\":\"RocaMarbre\",\"description\":\"Nous travaillons la pierre pour vous offrir ce qu&#039;elle a de plus beau\",\"publisher\":{\"@id\":\"https:\/\/rocamarbre.com\/#organization\"},\"potentialAction\":[{\"@type\":\"SearchAction\",\"target\":{\"@type\":\"EntryPoint\",\"urlTemplate\":\"https:\/\/rocamarbre.com\/?s={search_term_string}\"},\"query-input\":\"required name=search_term_string\"}],\"inLanguage\":\"fr-FR\"},{\"@type\":\"Organization\",\"@id\":\"https:\/\/rocamarbre.com\/#organization\",\"name\":\"RocaMarbre\",\"url\":\"https:\/\/rocamarbre.com\/\",\"logo\":{\"@type\":\"ImageObject\",\"inLanguage\":\"fr-FR\",\"@id\":\"https:\/\/rocamarbre.com\/#\/schema\/logo\/image\/\",\"url\":\"https:\/\/i0.wp.com\/rocamarbre.com\/wp-content\/uploads\/2023\/01\/ROCA-MARBRE_Logo_Gris.webp?fit=1920%2C1152&ssl=1\",\"contentUrl\":\"https:\/\/i0.wp.com\/rocamarbre.com\/wp-content\/uploads\/2023\/01\/ROCA-MARBRE_Logo_Gris.webp?fit=1920%2C1152&ssl=1\",\"width\":1920,\"height\":1152,\"caption\":\"RocaMarbre\"},\"image\":{\"@id\":\"https:\/\/rocamarbre.com\/#\/schema\/logo\/image\/\"}}]}<\/script>\n<!-- \/ Yoast SEO plugin. -->","yoast_head_json":{"title":"Piscine &amp; Spa - RocaMarbre","description":"Piscines et spas habill\u00e9s sur mesure en c\u00e9ramique haut de gamme. RocaMarbre vous accompagne de la s\u00e9lection des mat\u00e9riaux \u00e0 la pose finale.","robots":{"index":"index","follow":"follow","max-snippet":"max-snippet:-1","max-image-preview":"max-image-preview:large","max-video-preview":"max-video-preview:-1"},"canonical":"https:\/\/rocamarbre.com\/index.php\/piscine-spa\/","og_locale":"fr_FR","og_type":"article","og_title":"Piscine &amp; Spa - RocaMarbre","og_description":"Piscines et spas habill\u00e9s sur mesure en c\u00e9ramique haut de gamme. RocaMarbre vous accompagne de la s\u00e9lection des mat\u00e9riaux \u00e0 la pose finale.","og_url":"https:\/\/rocamarbre.com\/index.php\/piscine-spa\/","og_site_name":"RocaMarbre","article_modified_time":"2026-04-15T14:19:13+00:00","og_image":[{"width":1440,"height":1920,"url":"https:\/\/rocamarbre.com\/wp-content\/uploads\/2026\/04\/IMG_8642-scaled.webp","type":"image\/webp"}],"twitter_card":"summary_large_image","twitter_misc":{"Dur\u00e9e de lecture estim\u00e9e":"1 minute"},"schema":{"@context":"https:\/\/schema.org","@graph":[{"@type":"WebPage","@id":"https:\/\/rocamarbre.com\/index.php\/piscine-spa\/","url":"https:\/\/rocamarbre.com\/index.php\/piscine-spa\/","name":"Piscine &amp; Spa - RocaMarbre","isPartOf":{"@id":"https:\/\/rocamarbre.com\/#website"},"primaryImageOfPage":{"@id":"https:\/\/rocamarbre.com\/index.php\/piscine-spa\/#primaryimage"},"image":{"@id":"https:\/\/rocamarbre.com\/index.php\/piscine-spa\/#primaryimage"},"thumbnailUrl":"https:\/\/i0.wp.com\/rocamarbre.com\/wp-content\/uploads\/2026\/04\/IMG_8642-scaled.webp?fit=1440%2C1920&ssl=1","datePublished":"2026-04-15T13:28:26+00:00","dateModified":"2026-04-15T14:19:13+00:00","description":"Piscines et spas habill\u00e9s sur mesure en c\u00e9ramique haut de gamme. RocaMarbre vous accompagne de la s\u00e9lection des mat\u00e9riaux \u00e0 la pose finale.","breadcrumb":{"@id":"https:\/\/rocamarbre.com\/index.php\/piscine-spa\/#breadcrumb"},"inLanguage":"fr-FR","potentialAction":[{"@type":"ReadAction","target":["https:\/\/rocamarbre.com\/index.php\/piscine-spa\/"]}]},{"@type":"ImageObject","inLanguage":"fr-FR","@id":"https:\/\/rocamarbre.com\/index.php\/piscine-spa\/#primaryimage","url":"https:\/\/i0.wp.com\/rocamarbre.com\/wp-content\/uploads\/2026\/04\/IMG_8642-scaled.webp?fit=1440%2C1920&ssl=1","contentUrl":"https:\/\/i0.wp.com\/rocamarbre.com\/wp-content\/uploads\/2026\/04\/IMG_8642-scaled.webp?fit=1440%2C1920&ssl=1","width":1440,"height":1920,"caption":"piscine int\u00e9rieure carrel\u00e9e"},{"@type":"BreadcrumbList","@id":"https:\/\/rocamarbre.com\/index.php\/piscine-spa\/#breadcrumb","itemListElement":[{"@type":"ListItem","position":1,"name":"Accueil","item":"https:\/\/rocamarbre.com\/"},{"@type":"ListItem","position":2,"name":"Piscine &amp; Spa"}]},{"@type":"WebSite","@id":"https:\/\/rocamarbre.com\/#website","url":"https:\/\/rocamarbre.com\/","name":"RocaMarbre","description":"Nous travaillons la pierre pour vous offrir ce qu&#039;elle a de plus beau","publisher":{"@id":"https:\/\/rocamarbre.com\/#organization"},"potentialAction":[{"@type":"SearchAction","target":{"@type":"EntryPoint","urlTemplate":"https:\/\/rocamarbre.com\/?s={search_term_string}"},"query-input":"required name=search_term_string"}],"inLanguage":"fr-FR"},{"@type":"Organization","@id":"https:\/\/rocamarbre.com\/#organization","name":"RocaMarbre","url":"https:\/\/rocamarbre.com\/","logo":{"@type":"ImageObject","inLanguage":"fr-FR","@id":"https:\/\/rocamarbre.com\/#\/schema\/logo\/image\/","url":"https:\/\/i0.wp.com\/rocamarbre.com\/wp-content\/uploads\/2023\/01\/ROCA-MARBRE_Logo_Gris.webp?fit=1920%2C1152&ssl=1","contentUrl":"https:\/\/i0.wp.com\/rocamarbre.com\/wp-content\/uploads\/2023\/01\/ROCA-MARBRE_Logo_Gris.webp?fit=1920%2C1152&ssl=1","width":1920,"height":1152,"caption":"RocaMarbre"},"image":{"@id":"https:\/\/rocamarbre.com\/#\/schema\/logo\/image\/"}}]}},"jetpack_sharing_enabled":true,"_links":{"self":[{"href":"https:\/\/rocamarbre.com\/index.php\/wp-json\/wp\/v2\/pages\/2334","targetHints":{"allow":["GET"]}}],"collection":[{"href":"https:\/\/rocamarbre.com\/index.php\/wp-json\/wp\/v2\/pages"}],"about":[{"href":"https:\/\/rocamarbre.com\/index.php\/wp-json\/wp\/v2\/types\/page"}],"author":[{"embeddable":true,"href":"https:\/\/rocamarbre.com\/index.php\/wp-json\/wp\/v2\/users\/1"}],"replies":[{"embeddable":true,"href":"https:\/\/rocamarbre.com\/index.php\/wp-json\/wp\/v2\/comments?post=2334"}],"version-history":[{"count":8,"href":"https:\/\/rocamarbre.com\/index.php\/wp-json\/wp\/v2\/pages\/2334\/revisions"}],"predecessor-version":[{"id":2353,"href":"https:\/\/rocamarbre.com\/index.php\/wp-json\/wp\/v2\/pages\/2334\/revisions\/2353"}],"wp:featuredmedia":[{"embeddable":true,"href":"https:\/\/rocamarbre.com\/index.php\/wp-json\/wp\/v2\/media\/2135"}],"wp:attachment":[{"href":"https:\/\/rocamarbre.com\/index.php\/wp-json\/wp\/v2\/media?parent=2334"}],"curies":[{"name":"wp","href":"https:\/\/api.w.org\/{rel}","templated":true}]}}