{"id":1463,"date":"2026-03-09T15:54:25","date_gmt":"2026-03-09T15:54:25","guid":{"rendered":"https:\/\/rocamarbre.com\/?page_id=1463"},"modified":"2026-04-20T14:39:12","modified_gmt":"2026-04-20T14:39:12","slug":"accueil","status":"publish","type":"page","link":"https:\/\/rocamarbre.com\/","title":{"rendered":"Accueil"},"content":{"rendered":"","protected":false},"excerpt":{"rendered":"","protected":false},"author":1,"featured_media":1248,"parent":0,"menu_order":0,"comment_status":"closed","ping_status":"closed","template":"","meta":{"footnotes":""},"class_list":["post-1463","page","type-page","status-publish","has-post-thumbnail","hentry"],"yoast_head":"<!-- This site is optimized with the Yoast SEO plugin v22.4 - https:\/\/yoast.com\/wordpress\/plugins\/seo\/ -->\n<title>Accueil - RocaMarbre<\/title>\n<meta name=\"description\" content=\"Artisan marbrier \u00e0 Strasbourg. R\u00e9alisations sur mesure en marbre, pierre naturelle et c\u00e9ramique : Cuisine, salle de bain, piscine &amp; spa.\" \/>\n<meta name=\"robots\" content=\"index, follow, max-snippet:-1, max-image-preview:large, max-video-preview:-1\" \/>\n<link rel=\"canonical\" href=\"https:\/\/rocamarbre.com\/\" \/>\n<meta property=\"og:locale\" content=\"fr_FR\" \/>\n<meta property=\"og:type\" content=\"article\" \/>\n<meta property=\"og:title\" content=\"Accueil - RocaMarbre\" \/>\n<meta property=\"og:description\" content=\"Artisan marbrier \u00e0 Strasbourg. R\u00e9alisations sur mesure en marbre, pierre naturelle et c\u00e9ramique : Cuisine, salle de bain, piscine &amp; spa.\" \/>\n<meta property=\"og:url\" content=\"https:\/\/rocamarbre.com\/\" \/>\n<meta property=\"og:site_name\" content=\"RocaMarbre\" \/>\n<meta property=\"article:modified_time\" content=\"2026-04-20T14:39:12+00:00\" \/>\n<meta property=\"og:image\" content=\"https:\/\/rocamarbre.com\/wp-content\/uploads\/2026\/02\/Design-sans-titre-8.webp\" \/>\n\t<meta property=\"og:image:width\" content=\"800\" \/>\n\t<meta property=\"og:image:height\" content=\"800\" \/>\n\t<meta property=\"og:image:type\" content=\"image\/webp\" \/>\n<meta name=\"twitter:card\" content=\"summary_large_image\" \/>\n<meta name=\"twitter:label1\" content=\"Dur\u00e9e de lecture estim\u00e9e\" \/>\n\t<meta name=\"twitter:data1\" content=\"1 minute\" \/>\n<script type=\"application\/ld+json\" class=\"yoast-schema-graph\">{\"@context\":\"https:\/\/schema.org\",\"@graph\":[{\"@type\":\"WebPage\",\"@id\":\"https:\/\/rocamarbre.com\/\",\"url\":\"https:\/\/rocamarbre.com\/\",\"name\":\"Accueil - RocaMarbre\",\"isPartOf\":{\"@id\":\"https:\/\/rocamarbre.com\/#website\"},\"primaryImageOfPage\":{\"@id\":\"https:\/\/rocamarbre.com\/#primaryimage\"},\"image\":{\"@id\":\"https:\/\/rocamarbre.com\/#primaryimage\"},\"thumbnailUrl\":\"https:\/\/i0.wp.com\/rocamarbre.com\/wp-content\/uploads\/2026\/02\/Design-sans-titre-8.webp?fit=800%2C800&ssl=1\",\"datePublished\":\"2026-03-09T15:54:25+00:00\",\"dateModified\":\"2026-04-20T14:39:12+00:00\",\"description\":\"Artisan marbrier \u00e0 Strasbourg. R\u00e9alisations sur mesure en marbre, pierre naturelle et c\u00e9ramique : Cuisine, salle de bain, piscine & spa.\",\"breadcrumb\":{\"@id\":\"https:\/\/rocamarbre.com\/#breadcrumb\"},\"inLanguage\":\"fr-FR\",\"potentialAction\":[{\"@type\":\"ReadAction\",\"target\":[\"https:\/\/rocamarbre.com\/\"]}]},{\"@type\":\"ImageObject\",\"inLanguage\":\"fr-FR\",\"@id\":\"https:\/\/rocamarbre.com\/#primaryimage\",\"url\":\"https:\/\/i0.wp.com\/rocamarbre.com\/wp-content\/uploads\/2026\/02\/Design-sans-titre-8.webp?fit=800%2C800&ssl=1\",\"contentUrl\":\"https:\/\/i0.wp.com\/rocamarbre.com\/wp-content\/uploads\/2026\/02\/Design-sans-titre-8.webp?fit=800%2C800&ssl=1\",\"width\":800,\"height\":800,\"caption\":\"Le showroom RocaMarbre \u00e0 Strasbourg \u2013 Venez choisir votre mati\u00e8re en situation r\u00e9elle\"},{\"@type\":\"BreadcrumbList\",\"@id\":\"https:\/\/rocamarbre.com\/#breadcrumb\",\"itemListElement\":[{\"@type\":\"ListItem\",\"position\":1,\"name\":\"Accueil\",\"item\":\"https:\/\/rocamarbre.com\/\"},{\"@type\":\"ListItem\",\"position\":2,\"name\":\"Accueil\"}]},{\"@type\":\"WebSite\",\"@id\":\"https:\/\/rocamarbre.com\/#website\",\"url\":\"https:\/\/rocamarbre.com\/\",\"name\":\"RocaMarbre\",\"description\":\"Nous travaillons la pierre pour vous offrir ce qu&#039;elle a de plus beau\",\"publisher\":{\"@id\":\"https:\/\/rocamarbre.com\/#organization\"},\"potentialAction\":[{\"@type\":\"SearchAction\",\"target\":{\"@type\":\"EntryPoint\",\"urlTemplate\":\"https:\/\/rocamarbre.com\/?s={search_term_string}\"},\"query-input\":\"required name=search_term_string\"}],\"inLanguage\":\"fr-FR\"},{\"@type\":\"Organization\",\"@id\":\"https:\/\/rocamarbre.com\/#organization\",\"name\":\"RocaMarbre\",\"url\":\"https:\/\/rocamarbre.com\/\",\"logo\":{\"@type\":\"ImageObject\",\"inLanguage\":\"fr-FR\",\"@id\":\"https:\/\/rocamarbre.com\/#\/schema\/logo\/image\/\",\"url\":\"https:\/\/i0.wp.com\/rocamarbre.com\/wp-content\/uploads\/2023\/01\/ROCA-MARBRE_Logo_Gris.webp?fit=1920%2C1152&ssl=1\",\"contentUrl\":\"https:\/\/i0.wp.com\/rocamarbre.com\/wp-content\/uploads\/2023\/01\/ROCA-MARBRE_Logo_Gris.webp?fit=1920%2C1152&ssl=1\",\"width\":1920,\"height\":1152,\"caption\":\"RocaMarbre\"},\"image\":{\"@id\":\"https:\/\/rocamarbre.com\/#\/schema\/logo\/image\/\"}}]}<\/script>\n<!-- \/ Yoast SEO plugin. -->","yoast_head_json":{"title":"Accueil - RocaMarbre","description":"Artisan marbrier \u00e0 Strasbourg. R\u00e9alisations sur mesure en marbre, pierre naturelle et c\u00e9ramique : Cuisine, salle de bain, piscine & spa.","robots":{"index":"index","follow":"follow","max-snippet":"max-snippet:-1","max-image-preview":"max-image-preview:large","max-video-preview":"max-video-preview:-1"},"canonical":"https:\/\/rocamarbre.com\/","og_locale":"fr_FR","og_type":"article","og_title":"Accueil - RocaMarbre","og_description":"Artisan marbrier \u00e0 Strasbourg. R\u00e9alisations sur mesure en marbre, pierre naturelle et c\u00e9ramique : Cuisine, salle de bain, piscine & spa.","og_url":"https:\/\/rocamarbre.com\/","og_site_name":"RocaMarbre","article_modified_time":"2026-04-20T14:39:12+00:00","og_image":[{"width":800,"height":800,"url":"https:\/\/rocamarbre.com\/wp-content\/uploads\/2026\/02\/Design-sans-titre-8.webp","type":"image\/webp"}],"twitter_card":"summary_large_image","twitter_misc":{"Dur\u00e9e de lecture estim\u00e9e":"1 minute"},"schema":{"@context":"https:\/\/schema.org","@graph":[{"@type":"WebPage","@id":"https:\/\/rocamarbre.com\/","url":"https:\/\/rocamarbre.com\/","name":"Accueil - RocaMarbre","isPartOf":{"@id":"https:\/\/rocamarbre.com\/#website"},"primaryImageOfPage":{"@id":"https:\/\/rocamarbre.com\/#primaryimage"},"image":{"@id":"https:\/\/rocamarbre.com\/#primaryimage"},"thumbnailUrl":"https:\/\/i0.wp.com\/rocamarbre.com\/wp-content\/uploads\/2026\/02\/Design-sans-titre-8.webp?fit=800%2C800&ssl=1","datePublished":"2026-03-09T15:54:25+00:00","dateModified":"2026-04-20T14:39:12+00:00","description":"Artisan marbrier \u00e0 Strasbourg. R\u00e9alisations sur mesure en marbre, pierre naturelle et c\u00e9ramique : Cuisine, salle de bain, piscine & spa.","breadcrumb":{"@id":"https:\/\/rocamarbre.com\/#breadcrumb"},"inLanguage":"fr-FR","potentialAction":[{"@type":"ReadAction","target":["https:\/\/rocamarbre.com\/"]}]},{"@type":"ImageObject","inLanguage":"fr-FR","@id":"https:\/\/rocamarbre.com\/#primaryimage","url":"https:\/\/i0.wp.com\/rocamarbre.com\/wp-content\/uploads\/2026\/02\/Design-sans-titre-8.webp?fit=800%2C800&ssl=1","contentUrl":"https:\/\/i0.wp.com\/rocamarbre.com\/wp-content\/uploads\/2026\/02\/Design-sans-titre-8.webp?fit=800%2C800&ssl=1","width":800,"height":800,"caption":"Le showroom RocaMarbre \u00e0 Strasbourg \u2013 Venez choisir votre mati\u00e8re en situation r\u00e9elle"},{"@type":"BreadcrumbList","@id":"https:\/\/rocamarbre.com\/#breadcrumb","itemListElement":[{"@type":"ListItem","position":1,"name":"Accueil","item":"https:\/\/rocamarbre.com\/"},{"@type":"ListItem","position":2,"name":"Accueil"}]},{"@type":"WebSite","@id":"https:\/\/rocamarbre.com\/#website","url":"https:\/\/rocamarbre.com\/","name":"RocaMarbre","description":"Nous travaillons la pierre pour vous offrir ce qu&#039;elle a de plus beau","publisher":{"@id":"https:\/\/rocamarbre.com\/#organization"},"potentialAction":[{"@type":"SearchAction","target":{"@type":"EntryPoint","urlTemplate":"https:\/\/rocamarbre.com\/?s={search_term_string}"},"query-input":"required name=search_term_string"}],"inLanguage":"fr-FR"},{"@type":"Organization","@id":"https:\/\/rocamarbre.com\/#organization","name":"RocaMarbre","url":"https:\/\/rocamarbre.com\/","logo":{"@type":"ImageObject","inLanguage":"fr-FR","@id":"https:\/\/rocamarbre.com\/#\/schema\/logo\/image\/","url":"https:\/\/i0.wp.com\/rocamarbre.com\/wp-content\/uploads\/2023\/01\/ROCA-MARBRE_Logo_Gris.webp?fit=1920%2C1152&ssl=1","contentUrl":"https:\/\/i0.wp.com\/rocamarbre.com\/wp-content\/uploads\/2023\/01\/ROCA-MARBRE_Logo_Gris.webp?fit=1920%2C1152&ssl=1","width":1920,"height":1152,"caption":"RocaMarbre"},"image":{"@id":"https:\/\/rocamarbre.com\/#\/schema\/logo\/image\/"}}]}},"jetpack_sharing_enabled":true,"_links":{"self":[{"href":"https:\/\/rocamarbre.com\/index.php\/wp-json\/wp\/v2\/pages\/1463","targetHints":{"allow":["GET"]}}],"collection":[{"href":"https:\/\/rocamarbre.com\/index.php\/wp-json\/wp\/v2\/pages"}],"about":[{"href":"https:\/\/rocamarbre.com\/index.php\/wp-json\/wp\/v2\/types\/page"}],"author":[{"embeddable":true,"href":"https:\/\/rocamarbre.com\/index.php\/wp-json\/wp\/v2\/users\/1"}],"replies":[{"embeddable":true,"href":"https:\/\/rocamarbre.com\/index.php\/wp-json\/wp\/v2\/comments?post=1463"}],"version-history":[{"count":3,"href":"https:\/\/rocamarbre.com\/index.php\/wp-json\/wp\/v2\/pages\/1463\/revisions"}],"predecessor-version":[{"id":2345,"href":"https:\/\/rocamarbre.com\/index.php\/wp-json\/wp\/v2\/pages\/1463\/revisions\/2345"}],"wp:featuredmedia":[{"embeddable":true,"href":"https:\/\/rocamarbre.com\/index.php\/wp-json\/wp\/v2\/media\/1248"}],"wp:attachment":[{"href":"https:\/\/rocamarbre.com\/index.php\/wp-json\/wp\/v2\/media?parent=1463"}],"curies":[{"name":"wp","href":"https:\/\/api.w.org\/{rel}","templated":true}]}}